{"id":5725,"date":"2021-08-09T20:19:40","date_gmt":"2021-08-09T19:19:40","guid":{"rendered":"http:\/\/musicosophia.org\/es\/?post_type=product&#038;p=5725"},"modified":"2026-02-15T14:01:25","modified_gmt":"2026-02-15T13:01:25","slug":"escuchar-y-comprender-la-musica-tomaso-albinoni-adagio-en-sol-menor","status":"publish","type":"product","link":"https:\/\/musicosophia.org\/es\/product\/escuchar-y-comprender-la-musica-tomaso-albinoni-adagio-en-sol-menor\/","title":{"rendered":"Escuchar y Comprender la m\u00fasica Tomaso Albinoni, Adagio en Sol-menor de Hubert Pausinger"},"content":{"rendered":"<p>ISBN 978 3-929669-47-3<br \/>\n52 p\u00e1ginas<\/p>\n","protected":false},"excerpt":{"rendered":"<p>El objetivo de esta publicaci\u00f3n es, en primer lugar, introducir a los amantes de la m\u00fasica con ayuda del m\u00e9todo de Musicosophia y mediante indicaciones precisas en los niveles m\u00e1s profundos del Adagio en Sol menor de Tomaso Albinoni y generar entusiasmo por esta obra. No se precisan conocimientos musicales previos.<\/p>\n","protected":false},"featured_media":5727,"template":"","meta":{"_acf_changed":false},"product_brand":[],"product_cat":[87],"product_tag":[93,90],"class_list":{"0":"post-5725","1":"product","2":"type-product","3":"status-publish","4":"has-post-thumbnail","6":"product_cat-libro","7":"product_tag-hubert-pausinger","8":"product_tag-profundizacion","10":"first","11":"instock","12":"taxable","13":"shipping-taxable","14":"purchasable","15":"product-type-simple"},"acf":[],"_links":{"self":[{"href":"https:\/\/musicosophia.org\/es\/wp-json\/wp\/v2\/product\/5725","targetHints":{"allow":["GET"]}}],"collection":[{"href":"https:\/\/musicosophia.org\/es\/wp-json\/wp\/v2\/product"}],"about":[{"href":"https:\/\/musicosophia.org\/es\/wp-json\/wp\/v2\/types\/product"}],"wp:featuredmedia":[{"embeddable":true,"href":"https:\/\/musicosophia.org\/es\/wp-json\/wp\/v2\/media\/5727"}],"wp:attachment":[{"href":"https:\/\/musicosophia.org\/es\/wp-json\/wp\/v2\/media?parent=5725"}],"wp:term":[{"taxonomy":"product_brand","embeddable":true,"href":"https:\/\/musicosophia.org\/es\/wp-json\/wp\/v2\/product_brand?post=5725"},{"taxonomy":"product_cat","embeddable":true,"href":"https:\/\/musicosophia.org\/es\/wp-json\/wp\/v2\/product_cat?post=5725"},{"taxonomy":"product_tag","embeddable":true,"href":"https:\/\/musicosophia.org\/es\/wp-json\/wp\/v2\/product_tag?post=5725"}],"curies":[{"name":"wp","href":"https:\/\/api.w.org\/{rel}","templated":true}]}}